{"id":66,"date":"2018-09-11T18:11:28","date_gmt":"2018-09-11T18:11:28","guid":{"rendered":"http:\/\/www.fellmannguitare.com\/?page_id=66"},"modified":"2025-09-21T12:08:11","modified_gmt":"2025-09-21T12:08:11","slug":"accueil","status":"publish","type":"page","link":"https:\/\/fellmannguitare.com\/","title":{"rendered":"Accueil"},"content":{"rendered":"<!-- wp:themify-builder\/canvas \/-->","protected":false},"excerpt":{"rendered":"","protected":false},"author":1,"featured_media":0,"parent":0,"menu_order":0,"comment_status":"closed","ping_status":"closed","template":"","meta":{"footnotes":""},"class_list":["post-66","page","type-page","status-publish","hentry","has-post-title","has-post-date","has-post-category","has-post-tag","has-post-comment","has-post-author",""],"yoast_head":"<!-- This site is optimized with the Yoast SEO plugin v26.2 - https:\/\/yoast.com\/wordpress\/plugins\/seo\/ -->\n<title>Fellmann Lutherie Guitare - Fabrication et Restauration<\/title>\n<meta name=\"description\" content=\"Entreprise de Lutherie Guitare dans le secteur de Pau sp\u00e9cialis\u00e9e dans la Fabrication et la Restauration d&#039;instruments \u00e0 cordes pinc\u00e9es.\" \/>\n<meta name=\"robots\" content=\"index, follow, max-snippet:-1, max-image-preview:large, max-video-preview:-1\" \/>\n<link rel=\"canonical\" href=\"https:\/\/fellmannguitare.com\/\" \/>\n<meta property=\"og:locale\" content=\"fr_FR\" \/>\n<meta property=\"og:type\" content=\"article\" \/>\n<meta property=\"og:title\" content=\"Fellmann Lutherie Guitare - Fabrication et Restauration\" \/>\n<meta property=\"og:description\" content=\"Entreprise de Lutherie Guitare dans le secteur de Pau sp\u00e9cialis\u00e9e dans la Fabrication et la Restauration d&#039;instruments \u00e0 cordes pinc\u00e9es.\" \/>\n<meta property=\"og:url\" content=\"https:\/\/fellmannguitare.com\/\" \/>\n<meta property=\"og:site_name\" content=\"WordPress\" \/>\n<meta property=\"article:publisher\" content=\"https:\/\/www.facebook.com\/FellmannGuitare\" \/>\n<meta property=\"article:modified_time\" content=\"2025-09-21T12:08:11+00:00\" \/>\n<meta property=\"og:image\" content=\"https:\/\/fellmannguitare.com\/wp-content\/uploads\/2025\/09\/refrettage-gibson-les-paul-nibs-150x150.jpg\" \/>\n<meta name=\"twitter:card\" content=\"summary_large_image\" \/>\n<meta name=\"twitter:site\" content=\"@FellmannGuitare\" \/>\n<meta name=\"twitter:label1\" content=\"Dur\u00e9e de lecture estim\u00e9e\" \/>\n\t<meta name=\"twitter:data1\" content=\"7 minutes\" \/>\n<script type=\"application\/ld+json\" class=\"yoast-schema-graph\">{\"@context\":\"https:\/\/schema.org\",\"@graph\":[{\"@type\":\"WebPage\",\"@id\":\"https:\/\/fellmannguitare.com\/\",\"url\":\"https:\/\/fellmannguitare.com\/\",\"name\":\"Fellmann Lutherie Guitare - Fabrication et Restauration\",\"isPartOf\":{\"@id\":\"https:\/\/fellmannguitare.com\/#website\"},\"primaryImageOfPage\":{\"@id\":\"https:\/\/fellmannguitare.com\/#primaryimage\"},\"image\":{\"@id\":\"https:\/\/fellmannguitare.com\/#primaryimage\"},\"thumbnailUrl\":\"https:\/\/fellmannguitare.com\/wp-content\/uploads\/2025\/09\/A-Propos-1024x768-525x393.jpg\",\"datePublished\":\"2018-09-11T18:11:28+00:00\",\"dateModified\":\"2025-09-21T12:08:11+00:00\",\"description\":\"Entreprise de Lutherie Guitare dans le secteur de Pau sp\u00e9cialis\u00e9e dans la Fabrication et la Restauration d'instruments \u00e0 cordes pinc\u00e9es.\",\"breadcrumb\":{\"@id\":\"https:\/\/fellmannguitare.com\/#breadcrumb\"},\"inLanguage\":\"fr-FR\",\"potentialAction\":[{\"@type\":\"ReadAction\",\"target\":[\"https:\/\/fellmannguitare.com\/\"]}]},{\"@type\":\"ImageObject\",\"inLanguage\":\"fr-FR\",\"@id\":\"https:\/\/fellmannguitare.com\/#primaryimage\",\"url\":\"https:\/\/fellmannguitare.com\/wp-content\/uploads\/2025\/09\/A-Propos-1024x768-525x393.jpg\",\"contentUrl\":\"https:\/\/fellmannguitare.com\/wp-content\/uploads\/2025\/09\/A-Propos-1024x768-525x393.jpg\"},{\"@type\":\"BreadcrumbList\",\"@id\":\"https:\/\/fellmannguitare.com\/#breadcrumb\",\"itemListElement\":[{\"@type\":\"ListItem\",\"position\":1,\"name\":\"Accueil\",\"item\":\"https:\/\/fellmannguitare.com\/\"},{\"@type\":\"ListItem\",\"position\":2,\"name\":\"Accueil\"}]},{\"@type\":\"WebSite\",\"@id\":\"https:\/\/fellmannguitare.com\/#website\",\"url\":\"https:\/\/fellmannguitare.com\/\",\"name\":\"fellmannguitare.com\",\"description\":\"\",\"publisher\":{\"@id\":\"https:\/\/fellmannguitare.com\/#organization\"},\"potentialAction\":[{\"@type\":\"SearchAction\",\"target\":{\"@type\":\"EntryPoint\",\"urlTemplate\":\"https:\/\/fellmannguitare.com\/?s={search_term_string}\"},\"query-input\":{\"@type\":\"PropertyValueSpecification\",\"valueRequired\":true,\"valueName\":\"search_term_string\"}}],\"inLanguage\":\"fr-FR\"},{\"@type\":\"Organization\",\"@id\":\"https:\/\/fellmannguitare.com\/#organization\",\"name\":\"Fellmann Lutherie Guitare\",\"url\":\"https:\/\/fellmannguitare.com\/\",\"logo\":{\"@type\":\"ImageObject\",\"inLanguage\":\"fr-FR\",\"@id\":\"https:\/\/fellmannguitare.com\/#\/schema\/logo\/image\/\",\"url\":\"https:\/\/fellmannguitare.com\/wp-content\/uploads\/2025\/09\/favicon.png\",\"contentUrl\":\"https:\/\/fellmannguitare.com\/wp-content\/uploads\/2025\/09\/favicon.png\",\"width\":512,\"height\":512,\"caption\":\"Fellmann Lutherie Guitare\"},\"image\":{\"@id\":\"https:\/\/fellmannguitare.com\/#\/schema\/logo\/image\/\"},\"sameAs\":[\"https:\/\/www.facebook.com\/FellmannGuitare\",\"https:\/\/x.com\/FellmannGuitare\",\"https:\/\/www.instagram.com\/fellmannguitare\/\"]}]}<\/script>\n<!-- \/ Yoast SEO plugin. -->","yoast_head_json":{"title":"Fellmann Lutherie Guitare - Fabrication et Restauration","description":"Entreprise de Lutherie Guitare dans le secteur de Pau sp\u00e9cialis\u00e9e dans la Fabrication et la Restauration d'instruments \u00e0 cordes pinc\u00e9es.","robots":{"index":"index","follow":"follow","max-snippet":"max-snippet:-1","max-image-preview":"max-image-preview:large","max-video-preview":"max-video-preview:-1"},"canonical":"https:\/\/fellmannguitare.com\/","og_locale":"fr_FR","og_type":"article","og_title":"Fellmann Lutherie Guitare - Fabrication et Restauration","og_description":"Entreprise de Lutherie Guitare dans le secteur de Pau sp\u00e9cialis\u00e9e dans la Fabrication et la Restauration d'instruments \u00e0 cordes pinc\u00e9es.","og_url":"https:\/\/fellmannguitare.com\/","og_site_name":"WordPress","article_publisher":"https:\/\/www.facebook.com\/FellmannGuitare","article_modified_time":"2025-09-21T12:08:11+00:00","og_image":[{"url":"https:\/\/fellmannguitare.com\/wp-content\/uploads\/2025\/09\/refrettage-gibson-les-paul-nibs-150x150.jpg","type":"","width":"","height":""}],"twitter_card":"summary_large_image","twitter_site":"@FellmannGuitare","twitter_misc":{"Dur\u00e9e de lecture estim\u00e9e":"7 minutes"},"schema":{"@context":"https:\/\/schema.org","@graph":[{"@type":"WebPage","@id":"https:\/\/fellmannguitare.com\/","url":"https:\/\/fellmannguitare.com\/","name":"Fellmann Lutherie Guitare - Fabrication et Restauration","isPartOf":{"@id":"https:\/\/fellmannguitare.com\/#website"},"primaryImageOfPage":{"@id":"https:\/\/fellmannguitare.com\/#primaryimage"},"image":{"@id":"https:\/\/fellmannguitare.com\/#primaryimage"},"thumbnailUrl":"https:\/\/fellmannguitare.com\/wp-content\/uploads\/2025\/09\/A-Propos-1024x768-525x393.jpg","datePublished":"2018-09-11T18:11:28+00:00","dateModified":"2025-09-21T12:08:11+00:00","description":"Entreprise de Lutherie Guitare dans le secteur de Pau sp\u00e9cialis\u00e9e dans la Fabrication et la Restauration d'instruments \u00e0 cordes pinc\u00e9es.","breadcrumb":{"@id":"https:\/\/fellmannguitare.com\/#breadcrumb"},"inLanguage":"fr-FR","potentialAction":[{"@type":"ReadAction","target":["https:\/\/fellmannguitare.com\/"]}]},{"@type":"ImageObject","inLanguage":"fr-FR","@id":"https:\/\/fellmannguitare.com\/#primaryimage","url":"https:\/\/fellmannguitare.com\/wp-content\/uploads\/2025\/09\/A-Propos-1024x768-525x393.jpg","contentUrl":"https:\/\/fellmannguitare.com\/wp-content\/uploads\/2025\/09\/A-Propos-1024x768-525x393.jpg"},{"@type":"BreadcrumbList","@id":"https:\/\/fellmannguitare.com\/#breadcrumb","itemListElement":[{"@type":"ListItem","position":1,"name":"Accueil","item":"https:\/\/fellmannguitare.com\/"},{"@type":"ListItem","position":2,"name":"Accueil"}]},{"@type":"WebSite","@id":"https:\/\/fellmannguitare.com\/#website","url":"https:\/\/fellmannguitare.com\/","name":"fellmannguitare.com","description":"","publisher":{"@id":"https:\/\/fellmannguitare.com\/#organization"},"potentialAction":[{"@type":"SearchAction","target":{"@type":"EntryPoint","urlTemplate":"https:\/\/fellmannguitare.com\/?s={search_term_string}"},"query-input":{"@type":"PropertyValueSpecification","valueRequired":true,"valueName":"search_term_string"}}],"inLanguage":"fr-FR"},{"@type":"Organization","@id":"https:\/\/fellmannguitare.com\/#organization","name":"Fellmann Lutherie Guitare","url":"https:\/\/fellmannguitare.com\/","logo":{"@type":"ImageObject","inLanguage":"fr-FR","@id":"https:\/\/fellmannguitare.com\/#\/schema\/logo\/image\/","url":"https:\/\/fellmannguitare.com\/wp-content\/uploads\/2025\/09\/favicon.png","contentUrl":"https:\/\/fellmannguitare.com\/wp-content\/uploads\/2025\/09\/favicon.png","width":512,"height":512,"caption":"Fellmann Lutherie Guitare"},"image":{"@id":"https:\/\/fellmannguitare.com\/#\/schema\/logo\/image\/"},"sameAs":["https:\/\/www.facebook.com\/FellmannGuitare","https:\/\/x.com\/FellmannGuitare","https:\/\/www.instagram.com\/fellmannguitare\/"]}]}},"builder_content":"<h1>Fellmann<\/h1>\n<h2>Lutherie Guitare<\/h2>\n<h2><strong style=\"color: #2a2a2a;\">R \u00e9 p a r a t i o n s<\/strong><\/h2>\n<h5 style=\"text-align: center;\">Sur Rendez-vous uniquement,\u00a0\u00e0 Pomps ou Bill\u00e8re<\/h5>\n<p style=\"text-align: justify;\">Variations de temp\u00e9rature et d'humidit\u00e9, usure naturelle du jeu, ou encore un malencontreux accident, votre instrument m\u00e9rite une attention experte.<\/p> <p style=\"text-align: justify;\">Face \u00e0 ces situations, je vous accompagne pour trouver la solution la plus adapt\u00e9e. Chez Fellmann Lutherie Guitare, chaque instrument est r\u00e9par\u00e9 et entretenu avec exigence et respect de son authenticit\u00e9 afin de sublimer sa sonorit\u00e9, son confort et son esth\u00e9tique.<\/p> <p style=\"text-align: justify;\">Fort de plusieurs ann\u00e9es d\u2019exp\u00e9rience, j\u2019ai eu l\u2019opportunit\u00e9 de travailler sur une grande diversit\u00e9 d\u2019instruments. Cette richesse de parcours me permet d\u2019apporter un savoir-faire pr\u00e9cis et adapt\u00e9 \u00e0 chaque guitare.<\/p> <p style=\"text-align: justify;\">Entretien, refrettage, restauration... Confiez votre guitare \u00e0 un luthier passionn\u00e9<\/p>\n[gallery ids=\"678,672,681,674,680,677,676,675,679,685\"]\n<h2 style=\"text-align: center;\">R \u00e9 a l i s a t i o n s<\/h2>\n[gallery ids=\"739,740,702,738,736,741,711,727,701,715,714,718,720,723,721,719,724,725,726,735,728,730,732,733,734\"]\n<h2 style=\"text-align: center;\">\u00c0\u00a0 \u00a0P r o p o s<\/h2>\n<img src=\"https:\/\/fellmannguitare.com\/wp-content\/uploads\/2025\/09\/A-Propos-1024x768-525x393.jpg\" width=\"525\" height=\"393\" title=\"A Propos\" alt=\"Lucas Fellmann Lutherie Guitare\" srcset=\"https:\/\/fellmannguitare.com\/wp-content\/uploads\/2025\/09\/A-Propos-1024x768-525x393.jpg 525w, https:\/\/fellmannguitare.com\/wp-content\/uploads\/2025\/09\/A-Propos-300x225.jpg 300w, https:\/\/fellmannguitare.com\/wp-content\/uploads\/2025\/09\/A-Propos-1024x768.jpg 1024w, https:\/\/fellmannguitare.com\/wp-content\/uploads\/2025\/09\/A-Propos-768x576.jpg 768w, https:\/\/fellmannguitare.com\/wp-content\/uploads\/2025\/09\/A-Propos.jpg 1500w\" sizes=\"(max-width: 525px) 100vw, 525px\" \/>\nMa passion pour la guitare m\u2019a conduit tr\u00e8s t\u00f4t \u00e0 vouloir comprendre l\u2019instrument dans ses moindres d\u00e9tails et \u00e0 explorer l\u2019univers de la facture instrumentale. \u00a0\n<p data-start=\"624\" data-end=\"943\">Ce chemin m\u2019a conduit \u00e0 l\u2019\u00e9b\u00e9nisterie (CAP et BMA\u00a0\u00c9b\u00e9nisterie), o\u00f9 j\u2019ai appris \u00e0 ma\u00eetriser le travail du bois, avant de me sp\u00e9cialiser en lutherie guitare (<strong style=\"font-size: 1em;\" data-start=\"780\" data-end=\"867\">BMA en Facture Instrumentale option guitare)<\/strong>. Ces formations ont\u00a0renforc\u00e9 mes comp\u00e9tences autant techniques qu\u2019acoustiques.<\/p> <p data-start=\"945\" data-end=\"1158\">Depuis la cr\u00e9ation de mon atelier en 2018, je consacre mon quotidien \u00e0 la restauration et l\u2019entretien des instruments \u00e0 cordes pinc\u00e9es. J\u2019ai eu la chance de voir passer entre mes mains des guitares de tous styles et de toutes \u00e9poques, chacune avec son histoire, ses particularit\u00e9s et ses d\u00e9fis.<\/p> <p data-start=\"945\" data-end=\"1158\">Ce que je recherche avant tout, c\u2019est de redonner vie aux instruments : r\u00e9v\u00e9ler leur sonorit\u00e9, am\u00e9liorer leur confort de jeu et pr\u00e9server leur authenticit\u00e9. Chaque guitare est unique, et c\u2019est cette singularit\u00e9 qui nourrit ma passion et guide chacun de mes gestes.<\/p>\n<h2>Contact<\/h2>\n<em><svg aria-hidden=\"true\"><use href=\"#tf-far-map-marker\"><\/use><\/svg><\/em> Pomps \/ Bill\u00e8re <em><svg aria-hidden=\"true\"><use href=\"#tf-fas-phone\"><\/use><\/svg><\/em> 06 73 79 77 29 <em><svg aria-hidden=\"true\"><use href=\"#tf-far-envelope-o\"><\/use><\/svg><\/em> lucas.fellmann@hotmail.fr\n[wpforms id=\"600\"]","_links":{"self":[{"href":"https:\/\/fellmannguitare.com\/index.php?rest_route=\/wp\/v2\/pages\/66","targetHints":{"allow":["GET"]}}],"collection":[{"href":"https:\/\/fellmannguitare.com\/index.php?rest_route=\/wp\/v2\/pages"}],"about":[{"href":"https:\/\/fellmannguitare.com\/index.php?rest_route=\/wp\/v2\/types\/page"}],"author":[{"embeddable":true,"href":"https:\/\/fellmannguitare.com\/index.php?rest_route=\/wp\/v2\/users\/1"}],"replies":[{"embeddable":true,"href":"https:\/\/fellmannguitare.com\/index.php?rest_route=%2Fwp%2Fv2%2Fcomments&post=66"}],"version-history":[{"count":148,"href":"https:\/\/fellmannguitare.com\/index.php?rest_route=\/wp\/v2\/pages\/66\/revisions"}],"predecessor-version":[{"id":774,"href":"https:\/\/fellmannguitare.com\/index.php?rest_route=\/wp\/v2\/pages\/66\/revisions\/774"}],"wp:attachment":[{"href":"https:\/\/fellmannguitare.com\/index.php?rest_route=%2Fwp%2Fv2%2Fmedia&parent=66"}],"curies":[{"name":"wp","href":"https:\/\/api.w.org\/{rel}","templated":true}]}}